{"id":6523,"date":"2025-12-07T15:14:15","date_gmt":"2025-12-07T14:14:15","guid":{"rendered":"https:\/\/fwp.univ-batna.dz\/wp4\/?page_id=6523"},"modified":"2025-12-08T10:19:59","modified_gmt":"2025-12-08T09:19:59","slug":"%d8%a3%d8%b1%d8%b4%d9%8a%d9%81-%d9%85%d9%86%d8%ad-%d8%a7%d9%84%d8%af%d9%88%d9%84-%d8%a7%d9%84%d8%a3%d8%ac%d9%86%d8%a8%d9%8a%d8%a9","status":"publish","type":"page","link":"https:\/\/fwp.univ-batna.dz\/wp4\/?page_id=6523","title":{"rendered":"\u0623\u0631\u0634\u064a\u0641 \u0645\u0646\u062d \u0627\u0644\u062f\u0648\u0644 \u0627\u0644\u0623\u062c\u0646\u0628\u064a\u0629"},"content":{"rendered":"\n<div style=\"height:60px\" aria-hidden=\"true\" class=\"wp-block-spacer\"><\/div>\n\n\n\n<div class=\"wp-block-uagb-advanced-heading uagb-block-7b42692b\"><h4 class=\"uagb-heading-text\">\u0627\u0644\u0645\u0632\u064a\u062f \u0645\u0646 \u0645\u0646\u062d \u0627\u0644\u062f\u0648\u0644 \u0627\u0644\u0623\u062c\u0646\u0628\u064a\u0629 ( \u0623\u0631\u0634\u064a\u0641 )   <\/h4><\/div>\n\n\n\n<div style=\"height:60px\" aria-hidden=\"true\" class=\"wp-block-spacer\"><\/div>\n\n\n\n<div class=\"wp-block-columns is-layout-flex wp-container-core-columns-is-layout-9d6595d7 wp-block-columns-is-layout-flex\">\n<div class=\"wp-block-column has-theme-palette-8-background-color has-background is-layout-flow wp-block-column-is-layout-flow\" style=\"padding-top:0;padding-right:0;padding-bottom:0;padding-left:0\">\n<details class=\"wp-block-details has-theme-palette-1-color has-text-color has-link-color wp-elements-3d5f25266606fd16e91e33cef7aa2343 is-layout-flow wp-block-details-is-layout-flow\" open><summary><strong><strong>Lancement d&#8217;un appel \u00e0 candidature \u00e0 la bourse d\u2019excellence du Mexique<\/strong><\/strong><\/summary>\n<p class=\"has-theme-palette-3-color has-theme-palette-7-background-color has-text-color has-background has-link-color wp-elements-6314348a3d488ed38d197ea9c0c90409\">bourse d&#8217;excellence provenant du Gouvernement duMexique pour l&#8217;ann\u00e9e 2025-2026. Veuillez consulter le lien :\u00a0<a href=\"https:\/\/www.gob.mx\/amexcid\/en\">https:\/\/www.gob.mx\/amexcid\/en<\/a>\u00a0et vous rendre sur le lien suivant pour effectuer votre candidature et ce avant le\u00a012\/09\/2025. <a href=\"https:\/\/sigca.sre.gob.mx\/login\">https:\/\/sigca.sre.gob.mx\/login<\/a><\/p>\n<\/details>\n\n\n\n<details class=\"wp-block-details has-theme-palette-1-color has-text-color has-link-color wp-elements-a2f8fc7c9d7d3ed9086b36b4a879af61 is-layout-flow wp-block-details-is-layout-flow\"><summary><strong>\u0628\u0631\u0646\u0627\u0645\u062c \u0645\u0646\u062d \u0627\u0644\u0645\u0645\u0644\u0643\u0629 \u0627\u0644\u0633\u0639\u0648\u062f\u064a\u0629 &#8220;\u0623\u062f\u0631\u0633 \u0641\u064a \u0627\u0644\u0633\u0639\u0648\u062f\u064a\u0629&#8221; \u0628\u0639\u0646\u0648\u0627\u0646 \u0627\u0644\u0633\u0646\u0629 \u0627\u0644\u062c\u0627\u0645\u0639\u064a\u0629 2025-2026<br><\/strong><\/summary>\n<p class=\"has-theme-palette-3-color has-text-color has-link-color wp-elements-9a32c068fffd3ed0fb559fb7cf27dc6f\">\u0639\u0631\u0636 \u0645\u0646\u062d \u062f\u0631\u0627\u0633\u064a\u0629 \u0645\u062c\u0627\u0646\u064a\u0629 \u0637\u0648\u064a\u0644\u0629 \u0627\u0644\u0645\u062f\u0649 \u0641\u064a \u0637\u0648\u0631\u064a \u0627\u0644\u0645\u0627\u0633\u062a\u0631 \u0648\u0627\u0644\u062f\u0643\u062a\u0648\u0631\u0627\u0647,\u064a\u0631\u062c\u0649 \u0627\u0644\u062a\u0633\u062c\u064a\u0644 \u0641\u064a \u0627\u0644\u0631\u0627\u0628\u0637 \u0627\u0644\u062a\u0627\u0644\u064a:<a href=\"https:\/\/studyinsaudi.moe.gov.sa\/\">https:\/\/studyinsaudi.moe.gov.sa<\/a>, \u0627\u0644\u0649 \u063a\u0627\u064a\u0629 02\u0623\u0643\u062a\u0648\u0628\u0631 2025<\/p>\n<\/details>\n\n\n\n<details class=\"wp-block-details has-theme-palette-1-color has-text-color has-link-color wp-elements-05600b6b3f5becdaf4b69c91e5857b30 is-layout-flow wp-block-details-is-layout-flow\"><summary><strong><strong>Lancement d\u2019un appel \u00e0 candidature au programme doctoral et postdoctoral ( Eugen Ionesco) <\/strong><\/strong><\/summary>\n<p class=\"has-theme-palette-3-color has-text-color has-link-color wp-elements-69955a1e9adea969dd893f969f45592d\">\u00a0programme de bourse doctoral et postdoctoral \u00ab Eugen Ionesco \u00bb au titre de l\u2019ann\u00e9e universitaire 2024\/2025. La date butoir pour le d\u00e9p\u00f4t des dossiers est\u00a0<strong>le 20 janvier 2025<\/strong>. <a href=\"https:\/\/www.auf.org\/nouvelles\/appels-a-candidatures\/appel-candidatures-bourses-de-recherche-doctorale-et-postdoctorale-eugen-ionescu-2024-2025\/\">https:\/\/www.auf.org\/nouvelles\/appels-a-candidatures\/appel-candidatures-bourses-de-recherche-doctorale-et-postdoctorale-eugen-ionescu-2024-2025\/<\/a><\/p>\n<\/details>\n\n\n\n<details class=\"wp-block-details has-theme-palette-1-color has-text-color has-link-color wp-elements-95f2f8e9b676ab07746371e172d15a80 is-layout-flow wp-block-details-is-layout-flow\"><summary><strong><strong><strong>Offre de bourses du Gouvernement mauricien.<\/strong><\/strong><\/strong><\/summary>\n<p class=\"has-theme-palette-3-color has-text-color has-link-color wp-elements-75e9a119c22d4e9d19d0fcaf4c6135c0\">\u00a0pour les trois niveaux d\u2019\u00e9tudes universitaires ( Licence, Master et PhD) et ce , au titre de l\u2019ann\u00e9e universitaire 2025. la date limite de soumission est arr\u00eat\u00e9e au\u00a0<strong>25 avril 2025<\/strong><\/p>\n\n\n\n<p>&#8211;\u00a0<a href=\"https:\/\/vrlex-ar.univ-batna.dz\/images\/bourse\/bourse2025\/Call_for_Application_2025.pdf\">Call for Application 2025<\/a><\/p>\n\n\n\n<p>&#8211;&nbsp;<a href=\"https:\/\/vrlex-ar.univ-batna.dz\/images\/bourse\/bourse2025\/Application_Form_postgraduate_2025.pdf\">Application Form postgraduate 2025<\/a><\/p>\n\n\n\n<p>&#8211;&nbsp;<a href=\"https:\/\/vrlex-ar.univ-batna.dz\/images\/bourse\/bourse2025\/Application_Form_undergraduate_2025.pdf\">Application Form undergraduate 2025<\/a><\/p>\n\n\n\n<p>&#8211;&nbsp;<a href=\"https:\/\/vrlex-ar.univ-batna.dz\/images\/bourse\/bourse2025\/Guidelines_for_Applicants_undergraduate_2025.pdf\">Guidelines for Applicants undergraduate 2025<\/a><\/p>\n\n\n\n<p>&#8211;&nbsp;<a href=\"https:\/\/vrlex-ar.univ-batna.dz\/images\/bourse\/bourse2025\/Guidelines_for_MPhil_PhD_Supervisors.pdf\">Guidelines for MPhil PhD Supervisors<\/a><\/p>\n\n\n\n<p>&#8211;&nbsp;<a href=\"https:\/\/vrlex-ar.univ-batna.dz\/images\/bourse\/bourse2025\/Guidelines_for_Nominating_Agencies_2025.pdf\">Guidelines for Nominating Agencies 2025<\/a><\/p>\n\n\n\n<p>&#8211;&nbsp;<a href=\"https:\/\/vrlex-ar.univ-batna.dz\/images\/bourse\/bourse2025\/Guidelines_for_travelling_abroad_during_the_Scholarship_period.pdf\">Guidelines for travelling abroad during the Scholarship period<\/a><\/p>\n\n\n\n<p>&#8211;&nbsp;<a href=\"https:\/\/vrlex-ar.univ-batna.dz\/images\/bourse\/bourse2025\/National_Endorsement_Form_2025.pdf\">National Endorsement Form 2025<\/a><\/p>\n<\/details>\n\n\n\n<details class=\"wp-block-details has-theme-palette-1-color has-text-color has-link-color wp-elements-f42954439f01ce56e93e3adb477761cc is-layout-flow wp-block-details-is-layout-flow\"><summary><strong><strong><strong>\u0628\u0631\u0646\u0627\u0645\u062c \u0645\u0646\u062d \u0627\u0644\u062d\u0643\u0648\u0645\u0629 \u0627\u0644\u0635\u064a\u0646\u064a\u0629 \u0644\u0644\u0639\u0627\u0645 \u0627\u0644\u062f\u0631\u0627\u0633\u064a\u00a02026\/2025<\/strong><\/strong><\/strong><\/summary>\n<p class=\"has-theme-palette-3-color has-text-color has-link-color wp-elements-b34201636f93fa760ff74d847c0f540f\">\u00a0\u0639\u0631\u0636 \u0645\u0646\u062d\u0629 (\u0628\u062f\u0648\u0646 \u0646\u0641\u0642\u0627\u062a \u0627\u0644\u0633\u0641\u0631 \u0627\u0644\u062f\u0648\u0644\u064a) \u0644\u0641\u0627\u0626\u062f\u0629\u00a0\u00a0\u00a0<strong>30 \u0637\u0627\u0644\u0628 \u062c\u0632\u0627\u0626\u0631\u064a<\/strong>\u00a0\u0644\u0644\u062a\u0633\u062c\u064a\u0644 \u0641\u064a \u0637\u0648\u0631 \u0627\u0644\u062f\u0643\u062a\u0648\u0631\u0627\u0647 \u0641\u064a \u0627\u0644\u062c\u0627\u0645\u0639\u0627\u062a \u0648\u0627\u0644\u0645\u0639\u0627\u0647\u062f \u0627\u0644\u0635\u064a\u0646\u064a\u0629 \u0644\u0633\u0646\u0629 2026\/2025, \u062a\u0633\u062c\u064a\u0644 \u0631\u063a\u0628\u0627\u062a\u0647\u0645 \u0628\u0639\u0646\u0627\u064a\u0629 \u0648\u0641\u0642 \u0627\u0644\u062a\u0639\u0644\u064a\u0645\u0627\u062a \u0648\u0627\u0644\u0634\u0631\u0648\u0637 \u0627\u0644\u0648\u0627\u0631\u062f\u0629 \u0641\u064a\u00a0<a href=\"https:\/\/vrlex-ar.univ-batna.dz\/images\/bourse\/bourse2025\/note_appel_a_candidature_chine.pdf\">\u0627\u0644\u0648\u062b\u064a\u0642\u0629 \u0627\u0644\u0645\u0631\u0641\u0642\u0629<\/a>, \u0643\u0645\u0627 \u064a\u062a\u0639\u064a\u0646 \u0639\u0644\u0649 \u0627\u0644\u0637\u0644\u0628\u0629 \u0627\u0644\u0631\u0627\u063a\u0628\u064a\u0646 \u0628\u0627\u0644\u062f\u0631\u0627\u0633\u0629 \u0628\u0627\u0644\u0644\u063a\u0629 \u0627\u0644\u0635\u064a\u0646\u064a\u0629 \u062a\u0642\u062f\u064a\u0645 \u0634\u0647\u0627\u062f\u0629 \u0646\u062c\u0627\u062d \u0641\u064a \u0627\u0645\u062a\u062d\u0627\u0646\u00a0HSK4, \u0633\u064a\u062a\u0645 \u0625\u0631\u0633\u0627\u0644\u00a0<a href=\"https:\/\/vrlex-ar.univ-batna.dz\/images\/bourse\/bourse2025\/Bourse_Chinoise.xlsx\">\u0642\u0627\u0626\u0645\u0629 \u0627\u0633\u0645\u0627\u0626\u0647\u0645<\/a>\u00a0\u0642\u0628\u0644\u00a0<strong>17\u00a0\u062c\u0627\u0646\u0641\u064a 2025<\/strong><\/p>\n<\/details>\n\n\n\n<details class=\"wp-block-details has-theme-palette-1-color has-text-color has-link-color wp-elements-37f19b161a6db922826478a03f6f7c87 is-layout-flow wp-block-details-is-layout-flow\"><summary><strong><strong><strong><strong>Programme de bourses de la R\u00e9publique d\u2019Autriche<\/strong><\/strong><\/strong><\/strong><\/summary>\n<p class=\"has-theme-palette-3-color has-text-color has-link-color wp-elements-9f7a396c867d2c522d975491b77676a9\">\u00a0un programme de bourses au titre de l\u2019ann\u00e9e universitaire 2024-2025, peuvent \u00eatre consult\u00e9es sur le site web ci-apr\u00e8s : <a href=\"https:\/\/grants.at\/\">https:\/\/grants.at\/<\/a><\/p>\n<\/details>\n\n\n\n<details class=\"wp-block-details has-theme-palette-2-color has-text-color has-link-color wp-elements-dfefe4dabcc91a5a4fd902e6e76535cb is-layout-flow wp-block-details-is-layout-flow\"><summary><strong><strong><strong><strong><strong>Offre de bourses du Gouvernement Hongrois<\/strong><\/strong><\/strong><\/strong><\/strong><\/summary>\n<p class=\"has-theme-palette-3-color has-text-color has-link-color wp-elements-f959c9d0420a507e4e9a5c9237692c34\">\u00a0\u00a0Le gouvernement Hongrois offre une bourse au titre de l\u2019ann\u00e9e universitaire 2025\u2013 2026. \u00a0Cette offre concerne : \u00a0\u00a0\u00a0<strong>Les \u00e9tudiants majors de promotion<\/strong>. La date limite d&#8217;inscription en ligne sur la plateforme Stipendium est fix\u00e9e au\u00a0<strong>15 janvier 2025<\/strong>, et les dossiers scann\u00e9s contenants les documents ci-joints des candidats ayant proc\u00e9d\u00e9s \u00e0 leur inscription en ligne (la copie de l&#8217;attestation d&#8217;inscription sur Stipendium Hungaricum est obligatoire) doivent \u00eatre transmis par email avant le Dimanche\u00a0<strong>2 f\u00e9vrier 2025<\/strong><\/p>\n\n\n\n<p>&#8211;\u00a0<a href=\"https:\/\/vrlex-ar.univ-batna.dz\/images\/bourse\/bourse2025\/Call_for_Application_2025.pdf\">Call for Application 2025<\/a><\/p>\n\n\n\n<p>&#8211;\u00a0<a href=\"https:\/\/vrlex-ar.univ-batna.dz\/images\/bourse\/bourse2025\/Application_Form_postgraduate_2025.pdf\">Application Form postgraduate 2025<\/a><\/p>\n\n\n\n<p>&#8211;\u00a0<a href=\"https:\/\/vrlex-ar.univ-batna.dz\/images\/bourse\/bourse2025\/Application_Form_undergraduate_2025.pdf\">Application Form undergraduate 2025<\/a><\/p>\n\n\n\n<p>&#8211;\u00a0<a href=\"https:\/\/vrlex-ar.univ-batna.dz\/images\/bourse\/bourse2025\/Guidelines_for_Applicants_undergraduate_2025.pdf\">Guidelines for Applicants undergraduate 2025<\/a><\/p>\n\n\n\n<p>&#8211;\u00a0<a href=\"https:\/\/vrlex-ar.univ-batna.dz\/images\/bourse\/bourse2025\/Guidelines_for_MPhil_PhD_Supervisors.pdf\">Guidelines for MPhil PhD Supervisors<\/a><\/p>\n\n\n\n<p>&#8211;\u00a0<a href=\"https:\/\/vrlex-ar.univ-batna.dz\/images\/bourse\/bourse2025\/Guidelines_for_Nominating_Agencies_2025.pdf\">Guidelines for Nominating Agencies 2025<\/a><\/p>\n\n\n\n<p>&#8211;\u00a0<a href=\"https:\/\/vrlex-ar.univ-batna.dz\/images\/bourse\/bourse2025\/Guidelines_for_travelling_abroad_during_the_Scholarship_period.pdf\">Guidelines for travelling abroad during the Scholarship period<\/a><\/p>\n\n\n\n<p>&#8211;\u00a0<a href=\"https:\/\/vrlex-ar.univ-batna.dz\/images\/bourse\/bourse2025\/National_Endorsement_Form_2025.pdf\">National Endorsement Form 2025<\/a><\/p>\n<\/details>\n<\/div>\n<\/div>\n\n\n\n<p><\/p>\n","protected":false},"excerpt":{"rendered":"<p>\u0627\u0644\u0645\u0632\u064a\u062f \u0645\u0646 \u0645\u0646\u062d \u0627\u0644\u062f\u0648\u0644 \u0627\u0644\u0623\u062c\u0646\u0628\u064a\u0629 ( \u0623\u0631\u0634\u064a\u0641 )<\/p>\n","protected":false},"author":1,"featured_media":0,"parent":0,"menu_order":0,"comment_status":"closed","ping_status":"closed","template":"","meta":{"_uag_custom_page_level_css":"","_kadence_starter_templates_imported_post":false,"_kad_post_transparent":"","_kad_post_title":"","_kad_post_layout":"","_kad_post_sidebar_id":"","_kad_post_content_style":"","_kad_post_vertical_padding":"","_kad_post_feature":"","_kad_post_feature_position":"","_kad_post_header":false,"_kad_post_footer":false,"footnotes":""},"class_list":["post-6523","page","type-page","status-publish","hentry"],"guten_post_layout_featured_media_urls":{"full":false,"thumbnail":false,"medium":false,"medium_large":false,"large":false,"1536x1536":false,"2048x2048":false,"guten_post_layout_landscape_large":false,"guten_post_layout_portrait_large":false,"guten_post_layout_square_large":false,"guten_post_layout_landscape":false,"guten_post_layout_portrait":false,"guten_post_layout_square":false,"psacp-medium":false},"uagb_featured_image_src":{"full":false,"thumbnail":false,"medium":false,"medium_large":false,"large":false,"1536x1536":false,"2048x2048":false,"guten_post_layout_landscape_large":false,"guten_post_layout_portrait_large":false,"guten_post_layout_square_large":false,"guten_post_layout_landscape":false,"guten_post_layout_portrait":false,"guten_post_layout_square":false,"psacp-medium":false},"uagb_author_info":{"display_name":"adminrelex","author_link":"https:\/\/fwp.univ-batna.dz\/wp4\/?author=1"},"uagb_comment_info":0,"uagb_excerpt":"\u0627\u0644\u0645\u0632\u064a\u062f \u0645\u0646 \u0645\u0646\u062d \u0627\u0644\u062f\u0648\u0644 \u0627\u0644\u0623\u062c\u0646\u0628\u064a\u0629 ( \u0623\u0631\u0634\u064a\u0641 )","_links":{"self":[{"href":"https:\/\/fwp.univ-batna.dz\/wp4\/index.php?rest_route=\/wp\/v2\/pages\/6523","targetHints":{"allow":["GET"]}}],"collection":[{"href":"https:\/\/fwp.univ-batna.dz\/wp4\/index.php?rest_route=\/wp\/v2\/pages"}],"about":[{"href":"https:\/\/fwp.univ-batna.dz\/wp4\/index.php?rest_route=\/wp\/v2\/types\/page"}],"author":[{"embeddable":true,"href":"https:\/\/fwp.univ-batna.dz\/wp4\/index.php?rest_route=\/wp\/v2\/users\/1"}],"replies":[{"embeddable":true,"href":"https:\/\/fwp.univ-batna.dz\/wp4\/index.php?rest_route=%2Fwp%2Fv2%2Fcomments&post=6523"}],"version-history":[{"count":24,"href":"https:\/\/fwp.univ-batna.dz\/wp4\/index.php?rest_route=\/wp\/v2\/pages\/6523\/revisions"}],"predecessor-version":[{"id":6560,"href":"https:\/\/fwp.univ-batna.dz\/wp4\/index.php?rest_route=\/wp\/v2\/pages\/6523\/revisions\/6560"}],"wp:attachment":[{"href":"https:\/\/fwp.univ-batna.dz\/wp4\/index.php?rest_route=%2Fwp%2Fv2%2Fmedia&parent=6523"}],"curies":[{"name":"wp","href":"https:\/\/api.w.org\/{rel}","templated":true}]}}