{"id":4498,"date":"2025-09-30T14:28:57","date_gmt":"2025-09-30T12:28:57","guid":{"rendered":"https:\/\/fwp.univ-batna.dz\/wp4\/?page_id=4498"},"modified":"2025-12-06T20:57:35","modified_gmt":"2025-12-06T19:57:35","slug":"projets-erasmus","status":"publish","type":"page","link":"https:\/\/fwp.univ-batna.dz\/wp4\/?page_id=4498","title":{"rendered":"+Projets Erasmus"},"content":{"rendered":"\n<div class=\"wp-block-uagb-container uagb-block-1f2b064b default uagb-is-root-container\">\n<div class=\"wp-block-uagb-image uagb-block-53aaf5cd wp-block-uagb-image--layout-default wp-block-uagb-image--effect-static wp-block-uagb-image--align-none\"><figure class=\"wp-block-uagb-image__figure\"><img decoding=\"async\" srcset=\"https:\/\/fwp.univ-batna.dz\/wp4\/wp-content\/uploads\/2025\/10\/Web-BannerprojetERASMUS-2-1024x341.png ,https:\/\/fwp.univ-batna.dz\/wp4\/wp-content\/uploads\/2025\/10\/Web-BannerprojetERASMUS-2-scaled.png 780w, https:\/\/fwp.univ-batna.dz\/wp4\/wp-content\/uploads\/2025\/10\/Web-BannerprojetERASMUS-2-scaled.png 360w\" sizes=\"auto, (max-width: 480px) 150px\" src=\"https:\/\/fwp.univ-batna.dz\/wp4\/wp-content\/uploads\/2025\/10\/Web-BannerprojetERASMUS-2-1024x341.png\" alt=\"\" class=\"uag-image-5170\" width=\"3000\" height=\"1000\" title=\"Web BannerprojetERASMUS+\" loading=\"lazy\" role=\"img\"\/><\/figure><\/div>\n\n\n\n<div class=\"wp-block-group is-nowrap is-layout-flex wp-container-core-group-is-layout-ad2f72ca wp-block-group-is-layout-flex\"><\/div>\n\n\n\n<div class=\"wp-block-uagb-advanced-heading uagb-block-dda71c50\"><h4 class=\"uagb-heading-text\"><strong>Projets de mobilit\u00e9 Internationale de Cr\u00e9dits (Key Action 1)<\/strong><\/h4><div class=\"uagb-separator\"><\/div><\/div>\n\n\n\n<div class=\"wp-block-uagb-container uagb-block-d191beba alignfull uagb-is-root-container\"><div class=\"uagb-container-inner-blocks-wrap\">\n<div class=\"wp-block-uagb-container uagb-block-c4807500\">\n<p class=\"has-text-align-left has-small-font-size\">Un projet de mobilit\u00e9 internationale de cr\u00e9dits (MIC) correspond \u00e0 un dispositif d\u2019\u00e9changes entre les pays du programme Erasmus+ et les pays partenaires (voir Guide du Programme : version anglaise, version fran\u00e7aise).<br>Ce programme permet aux \u00e9tudiants et au personnel de l\u2019enseignement sup\u00e9rieur de b\u00e9n\u00e9ficier d\u2019une mobilit\u00e9 acad\u00e9mique. Les \u00e9tudiants peuvent partir \u00e0 partir de la 2e ann\u00e9e d\u2019\u00e9tudes sup\u00e9rieures pour une dur\u00e9e allant de trois \u00e0 douze mois. Quant au personnel enseignant et administratif, les mobilit\u00e9s varient entre cinq jours et deux mois<\/p>\n<\/div>\n\n\n\n<div class=\"wp-block-uagb-container uagb-block-9b08d80e\">\n<div class=\"wp-block-uagb-advanced-heading uagb-block-09f4e082\"><p class=\"uagb-heading-text\"><strong>Pr\u00e9sentation<\/strong><\/p><\/div>\n<\/div>\n<\/div><\/div>\n\n\n\n<div class=\"wp-block-uagb-container uagb-block-04239435 alignfull uagb-is-root-container\"><div class=\"uagb-container-inner-blocks-wrap\">\n<div class=\"wp-block-uagb-container uagb-block-e3900add\">\n<p class=\"has-text-align-left has-small-font-size\">La gestion des mobilit\u00e9s est assur\u00e9e par les agences nationales Erasmus+ dans les pays membres du programme. Chaque \u00e9tablissement d\u2019enseignement sup\u00e9rieur doit conclure un ou plusieurs accords inter-institutionnels d\u00e9finissant le cadre d\u2019envoi et d\u2019accueil des \u00e9tudiants et du personnel. Ces accords fixent les modalit\u00e9s de coop\u00e9ration acad\u00e9mique et administrative entre les \u00e9tablissements partenaires<\/p>\n<\/div>\n\n\n\n<div class=\"wp-block-uagb-container uagb-block-d20191c0\">\n<div class=\"wp-block-uagb-advanced-heading uagb-block-4666e036\"><p class=\"uagb-heading-text\"><strong><strong>Mobilit\u00e9 de cr\u00e9dits : comment \u00e7a  marche <\/strong><\/strong><\/p><\/div>\n<\/div>\n<\/div><\/div>\n\n\n\n<div class=\"wp-block-uagb-container uagb-block-3885bf36 alignfull uagb-is-root-container\"><div class=\"uagb-container-inner-blocks-wrap\">\n<div class=\"wp-block-uagb-container uagb-block-78f8c43e\">\n<p class=\"has-text-align-left has-small-font-size\">Les pays membres du programme Erasmus+ peuvent participer \u00e0 toutes les actions, favorisant ainsi une large coop\u00e9ration acad\u00e9mique \u00e0 travers l\u2019Europe et au-del\u00e0<\/p>\n<\/div>\n\n\n\n<div class=\"wp-block-uagb-container uagb-block-a501ba2f\">\n<div class=\"wp-block-uagb-advanced-heading uagb-block-516dd3c8\"><p class=\"uagb-heading-text\"><strong><strong><strong>Pays membres du programme<\/strong><\/strong><\/strong><\/p><\/div>\n<\/div>\n<\/div><\/div>\n\n\n\n<div class=\"wp-block-uagb-advanced-heading uagb-block-c3edd833\"><h4 class=\"uagb-heading-text\"><strong>Projets de <strong>renforcement de capacit\u00e9s ( Key Action 2 )<\/strong><\/strong><\/h4><div class=\"uagb-separator\"><\/div><\/div>\n<\/div>\n\n\n\n<div class=\"wp-block-group is-nowrap is-layout-flex wp-container-core-group-is-layout-ad2f72ca wp-block-group-is-layout-flex\"><\/div>\n\n\n\n<div class=\"wp-block-uagb-container uagb-block-cc8f5abf default uagb-is-root-container\">\n<div class=\"wp-block-uagb-container uagb-block-b6c9f272\">\n<div class=\"wp-block-uagb-image alignleft uagb-block-d0e7f773 wp-block-uagb-image--layout-default wp-block-uagb-image--effect-static wp-block-uagb-image--align-left\"><figure class=\"wp-block-uagb-image__figure\"><img decoding=\"async\" srcset=\"https:\/\/fwp.univ-batna.dz\/wp4\/wp-content\/uploads\/2025\/10\/istockphoto-1500285927-612x612-1.jpg ,https:\/\/fwp.univ-batna.dz\/wp4\/wp-content\/uploads\/2025\/10\/istockphoto-1500285927-612x612-1.jpg 780w, https:\/\/fwp.univ-batna.dz\/wp4\/wp-content\/uploads\/2025\/10\/istockphoto-1500285927-612x612-1.jpg 360w\" sizes=\"auto, (max-width: 480px) 150px\" src=\"https:\/\/fwp.univ-batna.dz\/wp4\/wp-content\/uploads\/2025\/10\/istockphoto-1500285927-612x612-1.jpg\" alt=\"\" class=\"uag-image-4573\" width=\"372\" height=\"322\" title=\"Young woman, a university student, studying online.\" loading=\"lazy\" role=\"img\"\/><\/figure><\/div>\n<\/div>\n\n\n\n<div class=\"wp-block-uagb-container uagb-block-bdddcf00\">\n<div class=\"wp-block-uagb-advanced-heading uagb-block-3946c1da\"><h2 class=\"uagb-heading-text\"><strong>Pr\u00e9sentation<\/strong><br><\/h2><div class=\"uagb-separator\"><\/div><\/div>\n\n\n\n<div class=\"wp-block-uagb-advanced-heading uagb-block-53875515\"><p class=\"uagb-heading-text\">Les projets de renforcement de capacit\u00e9s dans l\u2019enseignement sup\u00e9rieur, appel\u00e9s Capacity Building for Higher Education (CBHE), sont des initiatives de coop\u00e9ration internationale visant \u00e0 moderniser et renforcer les syst\u00e8mes d\u2019enseignement sup\u00e9rieur dans les pays partenaires. Ces projets concernent notamment les pays du voisinage Est et Sud, les Balkans occidentaux, l\u2019Asie centrale, la Russie, l\u2019Asie, l\u2019Am\u00e9rique latine, ainsi que les pays de la zone Afrique-Cara\u00efbes-Pacifique, et la zone Irak-Iran-Y\u00e9men<br>L\u2019action CBHE est centralis\u00e9e et directement g\u00e9r\u00e9e par l\u2019agence ex\u00e9cutive \u00ab \u00c9ducation, Audiovisuel et Culture \u00bb (EACEA) \u00e0 Bruxelles. En Alg\u00e9rie, le Bureau national Erasmus+ (lien) accompagne les porteurs de projets dans la conception, le suivi et la mise en \u0153uvre de ces projets<\/p><\/div>\n<\/div>\n<\/div>\n\n\n\n<div class=\"wp-block-uagb-container uagb-block-c07bdb41 alignfull uagb-is-root-container\"><div class=\"uagb-container-inner-blocks-wrap\">\n<div class=\"wp-block-uagb-container uagb-block-096a153f\">\n<div class=\"wp-block-uagb-advanced-heading uagb-block-51655ccd\"><h2 class=\"uagb-heading-text\"><strong>Objectifs<\/strong><\/h2><div class=\"uagb-separator\"><\/div><\/div>\n\n\n\n<div class=\"wp-block-uagb-advanced-heading uagb-block-491189e2\"><p class=\"uagb-heading-text\">Les projets CBHE visent \u00e0 soutenir la modernisation, l\u2019accessibilit\u00e9 et l\u2019internationalisation de l\u2019enseignement sup\u00e9rieur dans les pays partenaires. Ils contribuent \u00e0 am\u00e9liorer la qualit\u00e9, la pertinence et la gouvernance des \u00e9tablissements, tout en renfor\u00e7ant leurs capacit\u00e9s en mati\u00e8re de coop\u00e9ration internationale et de processus de modernisation continue.<br>Ils favorisent \u00e9galement l\u2019ouverture des universit\u00e9s sur la soci\u00e9t\u00e9 et le monde du travail, en renfor\u00e7ant le caract\u00e8re interdisciplinaire de l\u2019enseignement sup\u00e9rieur, l\u2019employabilit\u00e9 des dipl\u00f4m\u00e9s, ainsi que la visibilit\u00e9 et l\u2019attractivit\u00e9 de l\u2019espace europ\u00e9en d\u2019enseignement sup\u00e9rieur. Enfin, ces projets encouragent le d\u00e9veloppement des ressources humaines et la compr\u00e9hension mutuelle entre les peuples et cultures de l\u2019UE et des pays partenaires<\/p><\/div>\n<\/div>\n\n\n\n<div class=\"wp-block-uagb-container uagb-block-a2ef564d\">\n<div class=\"wp-block-uagb-image uagb-block-d4cb1d98 wp-block-uagb-image--layout-default wp-block-uagb-image--effect-static wp-block-uagb-image--align-none\"><figure class=\"wp-block-uagb-image__figure\"><img decoding=\"async\" srcset=\"https:\/\/fwp.univ-batna.dz\/wp4\/wp-content\/uploads\/2025\/10\/istockphoto-2122148349-612x612-1.jpg ,https:\/\/fwp.univ-batna.dz\/wp4\/wp-content\/uploads\/2025\/10\/istockphoto-2122148349-612x612-1.jpg 780w, https:\/\/fwp.univ-batna.dz\/wp4\/wp-content\/uploads\/2025\/10\/istockphoto-2122148349-612x612-1.jpg 360w\" sizes=\"auto, (max-width: 480px) 150px\" src=\"https:\/\/fwp.univ-batna.dz\/wp4\/wp-content\/uploads\/2025\/10\/istockphoto-2122148349-612x612-1.jpg\" alt=\"\" class=\"uag-image-4575\" width=\"612\" height=\"408\" title=\"istockphoto-2122148349-612x612\" loading=\"lazy\" role=\"img\"\/><\/figure><\/div>\n<\/div>\n<\/div><\/div>\n\n\n\n<div class=\"wp-block-uagb-container uagb-block-2eca5a58 default uagb-is-root-container\">\n<div class=\"wp-block-uagb-container uagb-block-04b10c97\">\n<div class=\"wp-block-uagb-image alignleft uagb-block-06d14cf6 wp-block-uagb-image--layout-default wp-block-uagb-image--effect-static wp-block-uagb-image--align-left\"><figure class=\"wp-block-uagb-image__figure\"><img decoding=\"async\" srcset=\"https:\/\/fwp.univ-batna.dz\/wp4\/wp-content\/uploads\/2025\/10\/istockphoto-1470544060-612x612-1.jpg ,https:\/\/fwp.univ-batna.dz\/wp4\/wp-content\/uploads\/2025\/10\/istockphoto-1470544060-612x612-1.jpg 780w, https:\/\/fwp.univ-batna.dz\/wp4\/wp-content\/uploads\/2025\/10\/istockphoto-1470544060-612x612-1.jpg 360w\" sizes=\"auto, (max-width: 480px) 150px\" src=\"https:\/\/fwp.univ-batna.dz\/wp4\/wp-content\/uploads\/2025\/10\/istockphoto-1470544060-612x612-1.jpg\" alt=\"\" class=\"uag-image-4579\" width=\"372\" height=\"322\" title=\"Happy college friends surfing the net on laptop at campus.\" loading=\"lazy\" role=\"img\"\/><\/figure><\/div>\n<\/div>\n\n\n\n<div class=\"wp-block-uagb-container uagb-block-1ae323d7\">\n<div class=\"wp-block-uagb-advanced-heading uagb-block-ae0bcdc1\"><h2 class=\"uagb-heading-text\"><strong><strong>Priorit\u00e9s des projets CBHE<\/strong><\/strong><br><\/h2><div class=\"uagb-separator\"><\/div><\/div>\n\n\n\n<div class=\"wp-block-uagb-advanced-heading uagb-block-661e7532\"><p class=\"uagb-heading-text\"> : Les priorit\u00e9s identifi\u00e9es pour ces projets sont<br>,Le renforcement des curricula<br>L\u2019am\u00e9lioration de la qualit\u00e9 de l\u2019\u00e9ducation ,et de la formation<br>L\u2019optimisation de la gestion des ,\u00e9tablissements d\u2019enseignement sup\u00e9rieur<br>Le d\u00e9veloppement du lien entre .l\u2019enseignement sup\u00e9rieur et la soci\u00e9t\u00e9<\/p><\/div>\n<\/div>\n<\/div>\n\n\n\n<div class=\"wp-block-uagb-container uagb-block-49485fc6 alignfull uagb-is-root-container\"><div class=\"uagb-container-inner-blocks-wrap\">\n<div class=\"wp-block-uagb-container uagb-block-8db7b6f8\">\n<div class=\"wp-block-uagb-advanced-heading uagb-block-1da71daf\"><h2 class=\"uagb-heading-text\"><strong>Types de projets CBHE<\/strong><\/h2><div class=\"uagb-separator\"><\/div><\/div>\n<\/div>\n\n\n\n<div class=\"wp-block-uagb-container uagb-block-65ddb943\">\n<div class=\"wp-block-uagb-advanced-heading uagb-block-1d8cc8d1\"><h5 class=\"uagb-heading-text\">1 <strong>Les projets conjoints<\/strong><\/h5><\/div>\n\n\n\n<div class=\"wp-block-uagb-advanced-heading uagb-block-9a61ba1d\"><p class=\"uagb-heading-text\">Les projets conjoints reposent sur des partenariats multilat\u00e9raux entre \u00e9tablissements d\u2019enseignement sup\u00e9rieur de l\u2019UE et des pays partenaires. Ils peuvent \u00e9galement associer des acteurs non universitaires afin de renforcer les interactions avec la soci\u00e9t\u00e9<br>Ces projets permettent d\u2019\u00e9laborer ou de moderniser des programmes d\u2019enseignement, de d\u00e9velopper des m\u00e9thodes p\u00e9dagogiques innovantes, de stimuler la culture de l\u2019assurance qualit\u00e9 et de moderniser la gestion des \u00e9tablissements. Ils contribuent aussi \u00e0 renforcer le r\u00f4le des universit\u00e9s dans la soci\u00e9t\u00e9, \u00e0 promouvoir l\u2019apprentissage tout au long de la vie, \u00e0 d\u00e9velopper le lien entre \u00e9ducation, recherche et innovation, ainsi qu\u2019\u00e0 am\u00e9liorer l\u2019ad\u00e9quation avec le march\u00e9 du travail<br>On distingue deux types de projets conjoints :<br><strong>Projets nationaux :<\/strong> ciblant un seul pays partenaire et align\u00e9s sur ses priorit\u00e9s nationales<br><strong>Projets multinationaux :<\/strong> impliquant plusieurs pays partenaires autour de priorit\u00e9s r\u00e9gionales communes, ou de priorit\u00e9s nationales partag\u00e9es par diff\u00e9rents pays partenaires<\/p><\/div>\n<\/div>\n\n\n\n<div class=\"wp-block-group is-nowrap is-layout-flex wp-container-core-group-is-layout-ad2f72ca wp-block-group-is-layout-flex\"><\/div>\n\n\n\n<div class=\"wp-block-uagb-container uagb-block-e9f8947f\">\n<div class=\"wp-block-uagb-advanced-heading uagb-block-f7b2313f\"><h5 class=\"uagb-heading-text\">2 <strong>Les projets structurels<\/strong><\/h5><\/div>\n\n\n\n<div class=\"wp-block-uagb-advanced-heading uagb-block-d81f8037\"><p class=\"uagb-heading-text\">Les projets structurels contribuent \u00e0 la r\u00e9forme strat\u00e9gique et organisationnelle des syst\u00e8mes d\u2019enseignement sup\u00e9rieur au niveau national. Ils visent notamment \u00e0 am\u00e9liorer la gouvernance des universit\u00e9s, \u00e0 instaurer des syst\u00e8mes de certification et de qualification, \u00e0 d\u00e9velopper des services \u00e9tudiants, ou encore \u00e0 renforcer l\u2019autonomie et la responsabilisation des \u00e9tablissements<br>Ces projets cherchent \u00e9galement \u00e0 consolider le lien entre l\u2019enseignement sup\u00e9rieur, la soci\u00e9t\u00e9 et le monde du travail, en int\u00e9grant davantage la recherche et l\u2019innovation dans le processus \u00e9ducatif. Enfin, ils appuient les administrations publiques dans l\u2019\u00e9laboration de politiques de r\u00e9forme et de nouvelles dispositions l\u00e9gislatives en mati\u00e8re d\u2019enseignement sup\u00e9rieur<\/p><\/div>\n<\/div>\n\n\n\n<div class=\"wp-block-uagb-container uagb-block-85ba9773\">\n<div class=\"wp-block-uagb-image uagb-block-1298ab30 wp-block-uagb-image--layout-default wp-block-uagb-image--effect-static wp-block-uagb-image--align-none\"><figure class=\"wp-block-uagb-image__figure\"><img decoding=\"async\" srcset=\"https:\/\/fwp.univ-batna.dz\/wp4\/wp-content\/uploads\/2025\/10\/istockphoto-1498104828-612x612-1.jpg ,https:\/\/fwp.univ-batna.dz\/wp4\/wp-content\/uploads\/2025\/10\/istockphoto-1498104828-612x612-1.jpg 780w, https:\/\/fwp.univ-batna.dz\/wp4\/wp-content\/uploads\/2025\/10\/istockphoto-1498104828-612x612-1.jpg 360w\" sizes=\"auto, (max-width: 480px) 150px\" src=\"https:\/\/fwp.univ-batna.dz\/wp4\/wp-content\/uploads\/2025\/10\/istockphoto-1498104828-612x612-1.jpg\" alt=\"\" class=\"uag-image-4585\" width=\"612\" height=\"408\" title=\"Portrait of the Indian student holding a yellow book in the library\" loading=\"lazy\" role=\"img\"\/><\/figure><\/div>\n<\/div>\n<\/div><\/div>\n","protected":false},"excerpt":{"rendered":"<p>Projets de mobilit\u00e9 Internationale de Cr\u00e9dits (Key Action 1) Un projet de mobilit\u00e9 internationale de cr\u00e9dits (MIC) correspond \u00e0 un dispositif d\u2019\u00e9changes entre les pays du programme Erasmus+ et les&#8230;<\/p>\n","protected":false},"author":1,"featured_media":0,"parent":0,"menu_order":0,"comment_status":"closed","ping_status":"closed","template":"","meta":{"_uag_custom_page_level_css":"","_kadence_starter_templates_imported_post":false,"_kad_post_transparent":"","_kad_post_title":"","_kad_post_layout":"","_kad_post_sidebar_id":"","_kad_post_content_style":"","_kad_post_vertical_padding":"","_kad_post_feature":"","_kad_post_feature_position":"","_kad_post_header":false,"_kad_post_footer":false,"footnotes":""},"class_list":["post-4498","page","type-page","status-publish","hentry"],"guten_post_layout_featured_media_urls":{"full":false,"thumbnail":false,"medium":false,"medium_large":false,"large":false,"1536x1536":false,"2048x2048":false,"guten_post_layout_landscape_large":false,"guten_post_layout_portrait_large":false,"guten_post_layout_square_large":false,"guten_post_layout_landscape":false,"guten_post_layout_portrait":false,"guten_post_layout_square":false,"psacp-medium":false},"uagb_featured_image_src":{"full":false,"thumbnail":false,"medium":false,"medium_large":false,"large":false,"1536x1536":false,"2048x2048":false,"guten_post_layout_landscape_large":false,"guten_post_layout_portrait_large":false,"guten_post_layout_square_large":false,"guten_post_layout_landscape":false,"guten_post_layout_portrait":false,"guten_post_layout_square":false,"psacp-medium":false},"uagb_author_info":{"display_name":"adminrelex","author_link":"https:\/\/fwp.univ-batna.dz\/wp4\/?author=1"},"uagb_comment_info":0,"uagb_excerpt":"Projets de mobilit\u00e9 Internationale de Cr\u00e9dits (Key Action 1) Un projet de mobilit\u00e9 internationale de cr\u00e9dits (MIC) correspond \u00e0 un dispositif d\u2019\u00e9changes entre les pays du programme Erasmus+ et les...","_links":{"self":[{"href":"https:\/\/fwp.univ-batna.dz\/wp4\/index.php?rest_route=\/wp\/v2\/pages\/4498","targetHints":{"allow":["GET"]}}],"collection":[{"href":"https:\/\/fwp.univ-batna.dz\/wp4\/index.php?rest_route=\/wp\/v2\/pages"}],"about":[{"href":"https:\/\/fwp.univ-batna.dz\/wp4\/index.php?rest_route=\/wp\/v2\/types\/page"}],"author":[{"embeddable":true,"href":"https:\/\/fwp.univ-batna.dz\/wp4\/index.php?rest_route=\/wp\/v2\/users\/1"}],"replies":[{"embeddable":true,"href":"https:\/\/fwp.univ-batna.dz\/wp4\/index.php?rest_route=%2Fwp%2Fv2%2Fcomments&post=4498"}],"version-history":[{"count":43,"href":"https:\/\/fwp.univ-batna.dz\/wp4\/index.php?rest_route=\/wp\/v2\/pages\/4498\/revisions"}],"predecessor-version":[{"id":6768,"href":"https:\/\/fwp.univ-batna.dz\/wp4\/index.php?rest_route=\/wp\/v2\/pages\/4498\/revisions\/6768"}],"wp:attachment":[{"href":"https:\/\/fwp.univ-batna.dz\/wp4\/index.php?rest_route=%2Fwp%2Fv2%2Fmedia&parent=4498"}],"curies":[{"name":"wp","href":"https:\/\/api.w.org\/{rel}","templated":true}]}}