{"id":609,"date":"2025-06-23T05:02:02","date_gmt":"2025-06-23T09:02:02","guid":{"rendered":"https:\/\/fwp.univ-batna.dz\/wp17\/?page_id=609"},"modified":"2025-10-05T08:06:42","modified_gmt":"2025-10-05T12:06:42","slug":"conseil-scientifique","status":"publish","type":"page","link":"https:\/\/fwp.univ-batna.dz\/wp17\/index.php\/conseil-scientifique\/","title":{"rendered":"Conseil Scientifique"},"content":{"rendered":"\n<div class=\"wp-block-file\"><a id=\"wp-block-file--media-222eb4ff-a459-49d3-b9aa-f0da00a01087\" href=\"http:\/\/fwp.univ-batna.dz\/wp17\/wp-content\/uploads\/2025\/10\/Capture-decran-2025-10-01-120216.png\">Capture d\u2019\u00e9cran 2025-10-01 120216<\/a><a href=\"http:\/\/fwp.univ-batna.dz\/wp17\/wp-content\/uploads\/2025\/10\/Capture-decran-2025-10-01-120216.png\" class=\"wp-block-file__button wp-element-button\" download aria-describedby=\"wp-block-file--media-222eb4ff-a459-49d3-b9aa-f0da00a01087\">Download<\/a><\/div>\n\n\n\n<p>Bilan finaux projets agr\u00e9\u00e9s 2021 et Session recours bilans mi-parcours projets agr\u00e9\u00e9s 2023<\/p>\n\n\n\n<div class=\"wp-block-file has-theme-palette-7-background-color has-background\"><a id=\"wp-block-file--media-b022409e-fa0b-4697-b747-a7574fcf5656\" href=\"http:\/\/fwp.univ-batna.dz\/wp17\/wp-content\/uploads\/2025\/09\/Ouverture-session-recours-bilans-miparcours-projets-agrees-2023-AR.pdf\">Ouverture session recours bilans miparcours projets agrees 2023 AR<\/a><a href=\"http:\/\/fwp.univ-batna.dz\/wp17\/wp-content\/uploads\/2025\/09\/Ouverture-session-recours-bilans-miparcours-projets-agrees-2023-AR.pdf\" class=\"wp-block-file__button wp-element-button\" download aria-describedby=\"wp-block-file--media-b022409e-fa0b-4697-b747-a7574fcf5656\">Download<\/a><\/div>\n\n\n\n<div class=\"wp-block-file\"><a id=\"wp-block-file--media-d57ba272-1564-4442-9eff-faf115b1e02b\" href=\"http:\/\/fwp.univ-batna.dz\/wp17\/wp-content\/uploads\/2025\/09\/Ouverture-session-recours-bilans-miparcours-projets-agrees-2023-FR.pdf\">Ouverture session recours bilans miparcours projets agrees 2023 FR<\/a><a href=\"http:\/\/fwp.univ-batna.dz\/wp17\/wp-content\/uploads\/2025\/09\/Ouverture-session-recours-bilans-miparcours-projets-agrees-2023-FR.pdf\" class=\"wp-block-file__button wp-element-button\" download aria-describedby=\"wp-block-file--media-d57ba272-1564-4442-9eff-faf115b1e02b\">Download<\/a><\/div>\n\n\n\n<div class=\"wp-block-file has-theme-palette-7-background-color has-background\"><a id=\"wp-block-file--media-f5bff6be-7223-4668-a57c-3250c1966cf3\" href=\"http:\/\/fwp.univ-batna.dz\/wp17\/wp-content\/uploads\/2025\/09\/Note-session-soumission-BILAN-FINAL-PROJETS-2021-FR.pdf\">Note session soumission BILAN FINAL PROJETS 2021 FR<\/a><a href=\"http:\/\/fwp.univ-batna.dz\/wp17\/wp-content\/uploads\/2025\/09\/Note-session-soumission-BILAN-FINAL-PROJETS-2021-FR.pdf\" class=\"wp-block-file__button wp-element-button\" download aria-describedby=\"wp-block-file--media-f5bff6be-7223-4668-a57c-3250c1966cf3\">Download<\/a><\/div>\n\n\n\n<div class=\"wp-block-file\"><a id=\"wp-block-file--media-803fb9bd-63fb-4cda-8999-0d21c1bfafe1\" href=\"http:\/\/fwp.univ-batna.dz\/wp17\/wp-content\/uploads\/2025\/09\/Note-session-soumission-BILAN-FINAL-PROJETS-2021-AR.pdf\">Note session soumission BILAN FINAL PROJETS 2021 AR<\/a><a href=\"http:\/\/fwp.univ-batna.dz\/wp17\/wp-content\/uploads\/2025\/09\/Note-session-soumission-BILAN-FINAL-PROJETS-2021-AR.pdf\" class=\"wp-block-file__button wp-element-button\" download aria-describedby=\"wp-block-file--media-803fb9bd-63fb-4cda-8999-0d21c1bfafe1\">Download<\/a><\/div>\n\n\n\n<div class=\"wp-block-file\"><a id=\"wp-block-file--media-baa565b1-de22-476d-a72a-e06b930dc697\" href=\"http:\/\/fwp.univ-batna.dz\/wp17\/wp-content\/uploads\/2025\/09\/PV-40-CSI-07072025.pdf\">PV 40 CSI 07072025<\/a><a href=\"http:\/\/fwp.univ-batna.dz\/wp17\/wp-content\/uploads\/2025\/09\/PV-40-CSI-07072025.pdf\" class=\"wp-block-file__button wp-element-button\" download aria-describedby=\"wp-block-file--media-baa565b1-de22-476d-a72a-e06b930dc697\">Download<\/a><\/div>\n\n\n\n<div data-wp-interactive=\"core\/file\" class=\"wp-block-file has-theme-palette-7-background-color has-background has-link-color wp-elements-081038ec8ab1fde6963ade896ab5bd75\"><object data-wp-bind--hidden=\"!state.hasPdfPreview\" hidden class=\"wp-block-file__embed\" data=\"https:\/\/fwp.univ-batna.dz\/wp17\/wp-content\/uploads\/2025\/07\/conseil-scientifique-N\u00b0-40.pdf\" type=\"application\/pdf\" style=\"width:100%;height:200px\" aria-label=\"Embed of PV Conseil scientifique N\u00b0 40      07\/2025.\"><\/object><a id=\"wp-block-file--media-2afedf24-9d1d-409e-84d0-f50a9e4d8965\" href=\"https:\/\/fwp.univ-batna.dz\/wp17\/wp-content\/uploads\/2025\/07\/conseil-scientifique-N\u00b0-40.pdf\">PV Conseil scientifique N\u00b0 40      07\/2025<\/a><a href=\"https:\/\/fwp.univ-batna.dz\/wp17\/wp-content\/uploads\/2025\/07\/conseil-scientifique-N\u00b0-40.pdf\" class=\"wp-block-file__button wp-element-button\" download aria-describedby=\"wp-block-file--media-2afedf24-9d1d-409e-84d0-f50a9e4d8965\">Download<\/a><\/div>\n\n\n\n<p><\/p>\n","protected":false},"excerpt":{"rendered":"<p>Bilan finaux projets agr\u00e9\u00e9s 2021 et Session recours bilans mi-parcours projets agr\u00e9\u00e9s 2023<\/p>\n","protected":false},"author":1,"featured_media":0,"parent":0,"menu_order":0,"comment_status":"closed","ping_status":"closed","template":"","meta":{"_uag_custom_page_level_css":"","_kadence_starter_templates_imported_post":false,"_kad_post_transparent":"","_kad_post_title":"","_kad_post_layout":"","_kad_post_sidebar_id":"","_kad_post_content_style":"","_kad_post_vertical_padding":"","_kad_post_feature":"","_kad_post_feature_position":"","_kad_post_header":false,"_kad_post_footer":false,"footnotes":""},"class_list":["post-609","page","type-page","status-publish","hentry"],"uagb_featured_image_src":{"full":false,"thumbnail":false,"medium":false,"medium_large":false,"large":false,"1536x1536":false,"2048x2048":false},"uagb_author_info":{"display_name":"belkhir_wp","author_link":"https:\/\/fwp.univ-batna.dz\/wp17\/index.php\/author\/belkhir_wp\/"},"uagb_comment_info":0,"uagb_excerpt":"Bilan finaux projets agr\u00e9\u00e9s 2021 et Session recours bilans mi-parcours projets agr\u00e9\u00e9s 2023","_links":{"self":[{"href":"https:\/\/fwp.univ-batna.dz\/wp17\/index.php\/wp-json\/wp\/v2\/pages\/609","targetHints":{"allow":["GET"]}}],"collection":[{"href":"https:\/\/fwp.univ-batna.dz\/wp17\/index.php\/wp-json\/wp\/v2\/pages"}],"about":[{"href":"https:\/\/fwp.univ-batna.dz\/wp17\/index.php\/wp-json\/wp\/v2\/types\/page"}],"author":[{"embeddable":true,"href":"https:\/\/fwp.univ-batna.dz\/wp17\/index.php\/wp-json\/wp\/v2\/users\/1"}],"replies":[{"embeddable":true,"href":"https:\/\/fwp.univ-batna.dz\/wp17\/index.php\/wp-json\/wp\/v2\/comments?post=609"}],"version-history":[{"count":8,"href":"https:\/\/fwp.univ-batna.dz\/wp17\/index.php\/wp-json\/wp\/v2\/pages\/609\/revisions"}],"predecessor-version":[{"id":1043,"href":"https:\/\/fwp.univ-batna.dz\/wp17\/index.php\/wp-json\/wp\/v2\/pages\/609\/revisions\/1043"}],"wp:attachment":[{"href":"https:\/\/fwp.univ-batna.dz\/wp17\/index.php\/wp-json\/wp\/v2\/media?parent=609"}],"curies":[{"name":"wp","href":"https:\/\/api.w.org\/{rel}","templated":true}]}}